{"id":7,"date":"2022-11-05T16:18:35","date_gmt":"2022-11-05T16:18:35","guid":{"rendered":"http:\/\/javigomez.org\/?page_id=2"},"modified":"2022-11-05T16:18:35","modified_gmt":"2022-11-05T16:18:35","slug":"quiensoy","status":"publish","type":"page","link":"https:\/\/javigomez.org\/index.php\/quiensoy\/","title":{"rendered":"\u00bfQui\u00e9n soy?"},"content":{"rendered":"\n<p>Soy Javi, mientras estudiaba Veterinaria, curs\u00e9 un grado superior de FP de inform\u00e1tica, lo que me permiti\u00f3 con 20 a\u00f1os conseguir un trabajo como programador de COBOL. Y a partir de ah\u00ed, segu\u00ed mi carrera en los \u00e1mbitos de desarrollo. Ya en empresa de servicios, trabajando con S\/38 y AS\/400 de IBM, dentro de Vigardi. <\/p>\n\n\n<div class=\"wp-block-image\">\n<figure class=\"alignright size-full\"><img loading=\"lazy\" decoding=\"async\" width=\"150\" height=\"118\" src=\"http:\/\/javigomez.org\/wp-content\/uploads\/2022\/11\/f00-1.jpg\" alt=\"\" class=\"wp-image-62\"\/><\/figure><\/div>\n\n\n<p>Un gran periodo de mi vida lo desarroll\u00e9 dentro del departamento de inform\u00e1tica de Grupo Z, trabajando para todas las cabeceras, creando aplicaciones de suscripciones, distribuci\u00f3n, facturaci\u00f3n, control de proveedores&#8230; <\/p>\n\n\n<div class=\"wp-block-image\">\n<figure class=\"alignleft size-full\"><img loading=\"lazy\" decoding=\"async\" width=\"150\" height=\"42\" src=\"http:\/\/javigomez.org\/wp-content\/uploads\/2022\/11\/meta4-1.png\" alt=\"\" class=\"wp-image-64\"\/><\/figure><\/div>\n\n\n<p>Despu\u00e9s de esta etapa, prob\u00e9 la vida de aut\u00f3nomo, mientras que estudiaba y me sacaba en la UOC a distancia la Ingenier\u00eda Superior en Inform\u00e1tica. Mientras me dedicaba a escribir art\u00edculos para publicaciones de Visual Basic, dar formaci\u00f3n y realizar proyectos por mi cuenta, hasta que a trav\u00e9s de mis art\u00edculos Meta4 se fij\u00f3 en m\u00ed y comenc\u00e9 a trabajar para ellos sobre su herramienta de RRHH en Visual Basic y en la incipiente web que exist\u00eda en esa \u00e9poca.<\/p>\n\n\n<div class=\"wp-block-image\">\n<figure class=\"alignright size-thumbnail\"><img decoding=\"async\" src=\"http:\/\/javigomez.org\/wp-content\/uploads\/2022\/11\/image-29-1-1-150x150.png\" alt=\"\" class=\"wp-image-63\"\/><\/figure><\/div>\n\n\n<p>Poco despu\u00e9s se crea un proyecto conjunto entre Meta4 y Terra y varios empleados pasamos a trabajar en este proyecto, que acaba con la absorci\u00f3n de todos estos empleados en Terra, trabajando en el portal, creando nuevas secciones y adecuando los patrocinios<\/p>\n\n\n<div class=\"wp-block-image\">\n<figure class=\"alignleft size-full\"><img loading=\"lazy\" decoding=\"async\" width=\"119\" height=\"60\" src=\"http:\/\/javigomez.org\/wp-content\/uploads\/2022\/11\/terra-1.png\" alt=\"\" class=\"wp-image-65\"\/><\/figure><\/div>\n\n\n<p>Con la desaparici\u00f3n de Terra, Telef\u00f3nica nos recluta para trabajar junto con los equipos de Marketing y Producto en crear y desarrollar las infraestructura necesaria para la salida de sus productos. <\/p>\n\n\n<div class=\"wp-block-image\">\n<figure class=\"alignright size-full\"><img decoding=\"async\" src=\"http:\/\/javigomez.org\/wp-content\/uploads\/2022\/11\/image-29-5-1.png\" alt=\"\" class=\"wp-image-72\"\/><\/figure><\/div>\n\n<div class=\"wp-block-image\">\n<figure class=\"alignleft size-full\"><img decoding=\"async\" src=\"http:\/\/javigomez.org\/wp-content\/uploads\/2022\/11\/image-29-3-1.png\" alt=\"\" class=\"wp-image-68\"\/><figcaption class=\"wp-element-caption\">Proyecto Telco 3.0<\/figcaption><\/figure><\/div>\n\n\n<p>Ya en  2012 se inicia en Telef\u00f3nica de Espa\u00f1a el proyecto mas ambicioso que se ha ejecutado, que fue la reingiener\u00eda de toda la infraestructura y software de gesti\u00f3n de clientes, en donde llegamos a ser un equipo de 300 personas y que desde mi \u00e1rea (Experiencia de Usuario e Interfaz Gr\u00e1fico) llegamos a contruir mas de 4000 pantallas, tanto su dise\u00f1o de interacci\u00f3n y dise\u00f1o detallado, como su creaci\u00f3n en HTML con Angular. Llegue a contar con un equipo de 30 personas que a\u00f1o a a\u00f1o \u00edbamos creando nuevos interfaces de usuario. En la actualidad ya no existe este proyecto, porque ya es una realidad y se utiliza por todos los empleados de Telef\u00f3nica de Espa\u00f1a.<\/p>\n\n\n<div class=\"wp-block-image\">\n<figure class=\"alignright size-full\"><img decoding=\"async\" src=\"http:\/\/javigomez.org\/wp-content\/uploads\/2022\/11\/image-29-4-1.png\" alt=\"\" class=\"wp-image-71\"\/><\/figure><\/div>\n\n\n<p>En la actualidad, a parte de una colaboraci\u00f3n diaria con Telef\u00f3nica, ayudando a la adaptaci\u00f3n a las nuevas exigencias del mercado, soy profesor de los Ciclos Formativos de ESIC, en Desarrollo de Aplicaciones Web (DAW), en donde puedo disfrutar cada d\u00eda viendo como evolucionan los alumnos y se preparan para su carrera profesional.<\/p>\n\n\n<div class=\"wp-block-image\">\n<figure class=\"alignright size-thumbnail\"><img loading=\"lazy\" decoding=\"async\" width=\"150\" height=\"150\" src=\"http:\/\/javigomez.org\/wp-content\/uploads\/2022\/11\/f04-1-150x150.png\" alt=\"\" class=\"wp-image-75\"\/><\/figure><\/div>\n\n\n<p>Soy aficionado a practicar deporte y el tiempo libre lo intento dedicar a practicar alguna de las actividades del triatl\u00f3n, compartiendo con amigos y familia.<\/p>\n\n\n\n<p><\/p>\n\n\n<div class=\"wp-block-image\">\n<figure class=\"alignleft size-full is-resized\"><img decoding=\"async\" src=\"http:\/\/javigomez.org\/wp-content\/uploads\/2023\/11\/image-25-1-13-1-1.png\" alt=\"\" class=\"wp-image-510\" style=\"width:102px;height:auto\"\/><\/figure><\/div>\n\n\n<p>Mi \u00faltimo logro ha sido publicar un libro sobre Javascript, enfocado a aquellas personas sin nada de conocimiento del lenguaje, que quieran llegar a realizar un proyecto que conecte con una base de datos conectada con una web. <\/p>\n\n\n\n<p><a href=\"https:\/\/www.esic.edu\/editorial\/el-desarrollo-web-desde-el-entorno-cliente\">https:\/\/www.esic.edu\/editorial\/el-desarrollo-web-desde-el-entorno-cliente<\/a><\/p>\n","protected":false},"excerpt":{"rendered":"<p>Soy Javi, mientras estudiaba Veterinaria, curs\u00e9 un grado superior de FP de inform\u00e1tica, lo que me permiti\u00f3 con 20 a\u00f1os conseguir un trabajo como programador &hellip; <\/p>\n","protected":false},"author":1,"featured_media":0,"parent":0,"menu_order":0,"comment_status":"closed","ping_status":"open","template":"","meta":{"footnotes":""},"class_list":["post-7","page","type-page","status-publish","hentry"],"_links":{"self":[{"href":"https:\/\/javigomez.org\/index.php\/wp-json\/wp\/v2\/pages\/7","targetHints":{"allow":["GET"]}}],"collection":[{"href":"https:\/\/javigomez.org\/index.php\/wp-json\/wp\/v2\/pages"}],"about":[{"href":"https:\/\/javigomez.org\/index.php\/wp-json\/wp\/v2\/types\/page"}],"author":[{"embeddable":true,"href":"https:\/\/javigomez.org\/index.php\/wp-json\/wp\/v2\/users\/1"}],"replies":[{"embeddable":true,"href":"https:\/\/javigomez.org\/index.php\/wp-json\/wp\/v2\/comments?post=7"}],"version-history":[{"count":0,"href":"https:\/\/javigomez.org\/index.php\/wp-json\/wp\/v2\/pages\/7\/revisions"}],"wp:attachment":[{"href":"https:\/\/javigomez.org\/index.php\/wp-json\/wp\/v2\/media?parent=7"}],"curies":[{"name":"wp","href":"https:\/\/api.w.org\/{rel}","templated":true}]}}